{"id":372,"date":"2026-02-06T10:31:28","date_gmt":"2026-02-06T10:31:28","guid":{"rendered":"https:\/\/blackpowersistemas.com.ar\/?page_id=372"},"modified":"2026-02-06T15:04:55","modified_gmt":"2026-02-06T15:04:55","slug":"blackpowertv-sistema-de-totems-digitales","status":"publish","type":"page","link":"https:\/\/blackpowersistemas.com.ar\/?page_id=372","title":{"rendered":"BlackPowerTV \u2013 Sistema de T\u00f3tems Digitales"},"content":{"rendered":"\n<p>Plataforma de reproducci\u00f3n autom\u00e1tica de videos para t\u00f3tems y pantallas digitales.<\/p>\n\n\n\n<div class=\"wp-block-buttons is-content-justification-right is-layout-flex wp-container-core-buttons-is-layout-977fa2bb wp-block-buttons-is-layout-flex\">\n<div class=\"wp-block-button is-style-outline is-style-outline--1\"><a class=\"wp-block-button__link has-background wp-element-button\" style=\"background:linear-gradient(135deg,rgb(6,147,227) 0%,rgb(197,111,125) 52%,rgb(155,81,224) 100%)\">Solicitar demo<\/a><\/div>\n\n\n\n<div class=\"wp-block-button is-style-outline is-style-outline--2\"><a class=\"wp-block-button__link has-white-color has-text-color has-background has-link-color wp-element-button\" style=\"background:linear-gradient(135deg,rgb(6,147,227) 0%,rgb(143,66,66) 34%,rgb(155,81,224) 100%)\"><code>Cotizar implementaci\u00f3n<\/code><\/a><\/div>\n<\/div>\n\n\n\n<div class=\"wp-block-columns is-layout-flex wp-container-core-columns-is-layout-9d6595d7 wp-block-columns-is-layout-flex\">\n<div class=\"wp-block-column is-layout-flow wp-block-column-is-layout-flow\">\n<h2 class=\"wp-block-heading\">Qu\u00e9 es BlackPowerTV<\/h2>\n\n\n\n<p>BlackPowerTV es una aplicaci\u00f3n profesional dise\u00f1ada para la reproducci\u00f3n continua y autom\u00e1tica de contenido audiovisual en t\u00f3tems publicitarios y pantallas digitales.<\/p>\n\n\n\n<p>Permite administrar contenidos desde la nube, actualizar archivos de forma remota y garantizar reproducci\u00f3n estable incluso sin conexi\u00f3n permanente.<\/p>\n<\/div>\n\n\n\n<div class=\"wp-block-column is-layout-flow wp-block-column-is-layout-flow\">\n<figure class=\"wp-block-image size-large is-style-rounded\"><img loading=\"lazy\" decoding=\"async\" width=\"1024\" height=\"768\" src=\"https:\/\/blackpowersistemas.com.ar\/wp-content\/uploads\/2026\/02\/totem-1024x768.webp\" alt=\"\" class=\"wp-image-375\" style=\"aspect-ratio:1.3332976876006024\" srcset=\"https:\/\/blackpowersistemas.com.ar\/wp-content\/uploads\/2026\/02\/totem-1024x768.webp 1024w, https:\/\/blackpowersistemas.com.ar\/wp-content\/uploads\/2026\/02\/totem-300x225.webp 300w, https:\/\/blackpowersistemas.com.ar\/wp-content\/uploads\/2026\/02\/totem-768x576.webp 768w, https:\/\/blackpowersistemas.com.ar\/wp-content\/uploads\/2026\/02\/totem.webp 1200w\" sizes=\"auto, (max-width: 1024px) 100vw, 1024px\" \/><\/figure>\n<\/div>\n<\/div>\n\n\n\n<div class=\"wp-block-columns is-layout-flex wp-container-core-columns-is-layout-9d6595d7 wp-block-columns-is-layout-flex\">\n<div class=\"wp-block-column is-vertically-aligned-stretch has-black-color has-cyan-bluish-gray-background-color has-text-color has-background has-link-color wp-elements-87f664ab714f3fc7515c86c8129d1c59 is-layout-flow wp-block-column-is-layout-flow\">\n<p class=\"has-text-align-center has-black-color has-vivid-cyan-blue-background-color has-text-color has-background has-link-color has-medium-font-size wp-elements-1e9d656b330025c7078c5d7ed778147a\"><strong>Casos de uso<\/strong><\/p>\n\n\n\n<div class=\"wp-block-group is-vertical is-content-justification-center is-layout-flex wp-container-core-group-is-layout-4b2eccd6 wp-block-group-is-layout-flex\">\n<p class=\"has-text-align-left\">\ud83c\udfea Comercios<\/p>\n\n\n\n<p class=\"has-text-align-left\">\ud83c\udfe5 Cl\u00ednicas<\/p>\n\n\n\n<p class=\"has-text-align-left\">\ud83c\udfe2 Empresas<\/p>\n\n\n\n<p class=\"has-text-align-left\">\ud83d\ude8f V\u00eda p\u00fablica<\/p>\n\n\n\n<p class=\"has-text-align-left\">\ud83d\udecd\ufe0f Shopping<\/p>\n\n\n\n<p class=\"has-text-align-left\">\ud83c\udfeb Instituciones<\/p>\n<\/div>\n\n\n\n<p class=\"has-text-align-center\"><strong>Ideal para publicidad, informaci\u00f3n y se\u00f1alizaci\u00f3n digital.<\/strong><\/p>\n<\/div>\n\n\n\n<div class=\"wp-block-column is-vertically-aligned-stretch has-cyan-bluish-gray-background-color has-background is-layout-flow wp-block-column-is-layout-flow\">\n<p class=\"has-text-align-center has-black-color has-vivid-cyan-blue-background-color has-text-color has-background has-link-color wp-elements-7c1fac11754f170422bad823de3a0229\" style=\"font-size:18px\"><strong>Funcionalidad<\/strong>es<\/p>\n\n\n\n<p class=\"has-black-color has-text-color has-link-color wp-elements-c8d9dddddc6011383b6b8f00115465a1\">\u2714 Reproducci\u00f3n autom\u00e1tica 24\/7<br>\u2714 Modo kiosco \/ uso desatendido<br>\u2714 Pantallas horizontales y verticales<br>\u2714 Actualizaci\u00f3n remota desde la nube<br>\u2714 Sincronizaci\u00f3n diaria de contenido<br>\u2714 Copia local para reproducci\u00f3n offline<br>\u2714 Sistema estable para uso continuo<\/p>\n<\/div>\n\n\n\n<div class=\"wp-block-column is-vertically-aligned-stretch has-black-color has-cyan-bluish-gray-background-color has-text-color has-background has-link-color wp-elements-77d22948201b35b504e3faba89ab9db6 is-layout-flow wp-block-column-is-layout-flow\">\n<p class=\"has-text-align-center has-black-color has-vivid-cyan-blue-background-color has-text-color has-background has-link-color has-medium-font-size wp-elements-7db41fc36a9052846488f6a1e4c65947\"><strong>Arquitectura del sistema<\/strong><\/p>\n\n\n\n<p class=\"has-text-align-center\">Servidor \/ Nube<br>\u2193<br>BlackPowerTV<br>\u2193<br>Pantalla \/ T\u00f3tem<\/p>\n<\/div>\n\n\n\n<div class=\"wp-block-column is-vertically-aligned-top has-black-color has-cyan-bluish-gray-background-color has-text-color has-background has-link-color wp-elements-933650010351da61fd8cf0e9cfd77184 is-layout-flow wp-block-column-is-layout-flow\">\n<p class=\"has-text-align-center has-black-color has-vivid-cyan-blue-background-color has-text-color has-background has-link-color wp-elements-5915c9000f2a27c9b2d8c455aca94019\"><strong>Qu\u00e9 incluye el servicio<\/strong><\/p>\n\n\n\n<p><strong>Incluye:<\/strong><\/p>\n\n\n\n<ul class=\"wp-block-list\">\n<li>App BlackPowerTV<\/li>\n\n\n\n<li>Configuraci\u00f3n inicial<\/li>\n\n\n\n<li>Gesti\u00f3n de contenidos<\/li>\n\n\n\n<li>Soporte t\u00e9cnico<\/li>\n\n\n\n<li>Backups<\/li>\n<\/ul>\n\n\n\n<p><strong>Opcionales:<\/strong><\/p>\n\n\n\n<ul class=\"wp-block-list\">\n<li>Instalaci\u00f3n de t\u00f3tems<\/li>\n\n\n\n<li>Hosting y nube<\/li>\n\n\n\n<li>Administraci\u00f3n mensual<\/li>\n\n\n\n<li>Mantenimiento<\/li>\n<\/ul>\n<\/div>\n<\/div>\n\n\n\n<p>\u00bfQuer\u00e9s implementar BlackPowerTV en tus pantallas?<\/p>\n\n\n\n<div class=\"wp-block-buttons is-layout-flex wp-block-buttons-is-layout-flex\">\n<div class=\"wp-block-button\"><a class=\"wp-block-button__link has-background wp-element-button\" style=\"background-color:#1bab31\"><code>Hablar por WhatsApp<\/code><\/a><\/div>\n\n\n\n<div class=\"wp-block-button\"><a class=\"wp-block-button__link has-background wp-element-button\" style=\"background-color:#2b2e4f\"><code>Solicitar presupuesto<\/code><\/a><\/div>\n<\/div>\n\n\n\n<p><\/p>\n","protected":false},"excerpt":{"rendered":"<p>Plataforma de reproducci\u00f3n autom\u00e1tica de videos para t\u00f3tems y pantallas digitales. Qu\u00e9 es BlackPowerTV BlackPowerTV es una aplicaci\u00f3n profesional dise\u00f1ada para la reproducci\u00f3n continua y autom\u00e1tica de contenido audiovisual en t\u00f3tems publicitarios y pantallas digitales. Permite administrar contenidos desde la nube, actualizar archivos de forma remota y garantizar reproducci\u00f3n estable incluso sin conexi\u00f3n permanente. Casos [&hellip;]<\/p>\n","protected":false},"author":1,"featured_media":0,"parent":0,"menu_order":0,"comment_status":"closed","ping_status":"closed","template":"","meta":{"iawp_total_views":3,"footnotes":""},"class_list":["post-372","page","type-page","status-publish","hentry"],"_links":{"self":[{"href":"https:\/\/blackpowersistemas.com.ar\/index.php?rest_route=\/wp\/v2\/pages\/372","targetHints":{"allow":["GET"]}}],"collection":[{"href":"https:\/\/blackpowersistemas.com.ar\/index.php?rest_route=\/wp\/v2\/pages"}],"about":[{"href":"https:\/\/blackpowersistemas.com.ar\/index.php?rest_route=\/wp\/v2\/types\/page"}],"author":[{"embeddable":true,"href":"https:\/\/blackpowersistemas.com.ar\/index.php?rest_route=\/wp\/v2\/users\/1"}],"replies":[{"embeddable":true,"href":"https:\/\/blackpowersistemas.com.ar\/index.php?rest_route=%2Fwp%2Fv2%2Fcomments&post=372"}],"version-history":[{"count":17,"href":"https:\/\/blackpowersistemas.com.ar\/index.php?rest_route=\/wp\/v2\/pages\/372\/revisions"}],"predecessor-version":[{"id":397,"href":"https:\/\/blackpowersistemas.com.ar\/index.php?rest_route=\/wp\/v2\/pages\/372\/revisions\/397"}],"wp:attachment":[{"href":"https:\/\/blackpowersistemas.com.ar\/index.php?rest_route=%2Fwp%2Fv2%2Fmedia&parent=372"}],"curies":[{"name":"wp","href":"https:\/\/api.w.org\/{rel}","templated":true}]}}