{"id":324,"date":"2024-05-06T19:42:45","date_gmt":"2024-05-06T19:42:45","guid":{"rendered":"https:\/\/blackpowersistemas.com.ar\/?page_id=324"},"modified":"2024-05-06T19:42:45","modified_gmt":"2024-05-06T19:42:45","slug":"estructurado-2","status":"publish","type":"page","link":"https:\/\/blackpowersistemas.com.ar\/?page_id=324","title":{"rendered":"ESTRUCTURADO"},"content":{"rendered":"\n<h2 class=\"wp-block-heading has-black-color has-text-color has-background has-link-color has-large-font-size wp-elements-2f44709dbbe88820dc09fe221e8cddce\" style=\"background:linear-gradient(153deg,rgb(6,147,227) 0%,rgb(245,245,245) 49%,rgb(155,81,224) 100%)\">Servicios de dise\u00f1o y creaci\u00f3n de proyectos estructurados.<\/h2>\n\n\n\n<p>En nuestra empresa de gesti\u00f3n de instalaciones ofrecemos <em><strong>soluciones integrales de cableado estructurado<\/strong><\/em> para satisfacer las necesidades de conectividad de tu empresa o negocio. Desde la concepci\u00f3n del proyecto hasta la instalaci\u00f3n de toda la estructura, pasando por la procura y dise\u00f1o; en Black Power Sistemas somos tu socio confiable en la implementaci\u00f3n de sistemas de cableado de alta calidad.<\/p>\n\n\n\n<p>En un mundo cada vez m\u00e1s interconectado, el cableado estructurado se ha convertido en la columna vertebral de la comunicaci\u00f3n empresarial. Reconocemos la importancia cr\u00edtica de una infraestructura s\u00f3lida y confiable que garantice una transmisi\u00f3n de datos eficiente y segura. Es por eso que nos especializamos en ofrecer soluciones de cableado estructurado que cumplen con los est\u00e1ndares m\u00e1s exigentes de la industria.<\/p>\n\n\n\n<p>Nuestro equipo de expertos altamente capacitados y certificados est\u00e1 dedicado a dise\u00f1ar, instalar y mantener sistemas de cableado estructurado personalizados que se adaptan perfectamente a las necesidades espec\u00edficas de tu empresa. Utilizamos productos y equipos de \u00faltima generaci\u00f3n para garantizar la m\u00e1xima calidad y rendimiento en cada proyecto.<\/p>\n\n\n\n<h2 class=\"wp-block-heading has-vivid-cyan-blue-color has-text-color has-link-color wp-elements-0f9681b771cb51046a0e281e62dfaf45\">Redes y voip.<\/h2>\n\n\n\n<h5 class=\"wp-block-heading\">Tecnolog\u00eda inteligente en la oficina y hogar<\/h5>\n\n\n\n<p><strong>Centrales Telefonicas Voip Asterisk,Elastix,FreePBX<\/strong> <\/p>\n\n\n\n<p>Sistema personalizado de Atenci\u00f3n al Cliente cableado estructurado y Telecomunicaciones,<br>La integraci\u00f3n de Voz y Datos es algo que ya no se puede evitar debido a los bajos costos de las Tecnolog\u00edas actuales.<\/p>\n\n\n\n<p>Proyectamos redes cableado estructurado con Patch Panel y Armario de Rack si es necesario, as\u00ed como toda la red de Voz y Datos, y Tambi\u00e9n redes inal\u00e1mbricas.<\/p>\n\n\n\n<p>Desde una red grupal , departamental, empresarial o corporativa. No importa que tan peque\u00f1a o grande sea su red, tenemos la experiencia que har\u00e1 que su red no solo interconecte computadoras o equipos de telecomunicaciones, sino que su rendimiento sea el \u00f3ptimo.<\/p>\n\n\n\n<p>Nuestros t\u00e9cnicos son especialistas en cableado estructurado en cobre (CAT 5e y 6)<br>y todos tipos de cableados comerciales, Oficinas e Industrias \u201d<\/p>\n\n\n\n<h2 class=\"wp-block-heading has-vivid-green-cyan-color has-text-color has-link-color wp-elements-be07f3748d0a3678d2aea898308231f1\">CCTV<\/h2>\n\n\n\n<p>Ofrecemos el servicio de instalaci\u00f3n, mantenimiento, y actualizaci\u00f3n de sistemas de CCTV o Circuito Cerrado de Televisi\u00f3n, Con lo que podr\u00e1s ver y grabar en tiempo real lo que pasa en su negocio, local, oficina u hogar desde cualquier parte del mundo, utilizando su computador, Tablet, o tel\u00e9fono inteligente.<\/p>\n\n\n\n<p>Contamos con un equipo de profesionales capacitados en el \u00e1rea, dispuestos a ofrecerle la mejor atenci\u00f3n, servicios de calidad brind\u00e1ndoles una respuesta r\u00e1pida y oportuna, al mejor precio del mercado.<\/p>\n\n\n\n<p><\/p>\n","protected":false},"excerpt":{"rendered":"<p>Servicios de dise\u00f1o y creaci\u00f3n de proyectos estructurados. En nuestra empresa de gesti\u00f3n de instalaciones ofrecemos soluciones integrales de cableado estructurado para satisfacer las necesidades de conectividad de tu empresa o negocio. Desde la concepci\u00f3n del proyecto hasta la instalaci\u00f3n de toda la estructura, pasando por la procura y dise\u00f1o; en Black Power Sistemas somos [&hellip;]<\/p>\n","protected":false},"author":1,"featured_media":0,"parent":0,"menu_order":0,"comment_status":"closed","ping_status":"closed","template":"","meta":{"iawp_total_views":1,"footnotes":""},"class_list":["post-324","page","type-page","status-publish","hentry"],"_links":{"self":[{"href":"https:\/\/blackpowersistemas.com.ar\/index.php?rest_route=\/wp\/v2\/pages\/324","targetHints":{"allow":["GET"]}}],"collection":[{"href":"https:\/\/blackpowersistemas.com.ar\/index.php?rest_route=\/wp\/v2\/pages"}],"about":[{"href":"https:\/\/blackpowersistemas.com.ar\/index.php?rest_route=\/wp\/v2\/types\/page"}],"author":[{"embeddable":true,"href":"https:\/\/blackpowersistemas.com.ar\/index.php?rest_route=\/wp\/v2\/users\/1"}],"replies":[{"embeddable":true,"href":"https:\/\/blackpowersistemas.com.ar\/index.php?rest_route=%2Fwp%2Fv2%2Fcomments&post=324"}],"version-history":[{"count":7,"href":"https:\/\/blackpowersistemas.com.ar\/index.php?rest_route=\/wp\/v2\/pages\/324\/revisions"}],"predecessor-version":[{"id":331,"href":"https:\/\/blackpowersistemas.com.ar\/index.php?rest_route=\/wp\/v2\/pages\/324\/revisions\/331"}],"wp:attachment":[{"href":"https:\/\/blackpowersistemas.com.ar\/index.php?rest_route=%2Fwp%2Fv2%2Fmedia&parent=324"}],"curies":[{"name":"wp","href":"https:\/\/api.w.org\/{rel}","templated":true}]}}