{"id":144,"date":"2023-11-27T17:43:12","date_gmt":"2023-11-27T17:43:12","guid":{"rendered":"https:\/\/blackpowersistemas.com.ar\/?page_id=144"},"modified":"2026-02-18T20:24:47","modified_gmt":"2026-02-18T20:24:47","slug":"mantenimiento","status":"publish","type":"page","link":"https:\/\/blackpowersistemas.com.ar\/?page_id=144","title":{"rendered":"MANTENIMIENTO"},"content":{"rendered":"\n<p>Brindamos soporte t\u00e9cnico de alta calidad a trav\u00e9s de nuestra mesa de ayuda y acceso a un equipo de expertos, para la soluci\u00f3n de los eventuales problemas de su empresa.  Podemos armar una soluci\u00f3n que se adecu\u00e9 a su necesidad. Emitimos reportes escritos mensuales con la evoluci\u00f3n de su sistema, y \u00f3rdenes de trabajo en cada visita que hagan nuestros t\u00e9cnicos.<\/p>\n\n\n\n<p>Nuestra empresa de soporte inform\u00e1tico contempla todos los aspectos de su equipo. Ya sea software, hardware, licencias de software y m\u00e1s.<\/p>\n\n\n\n<hr class=\"wp-block-separator has-alpha-channel-opacity\"\/>\n\n\n\n<h3 class=\"wp-block-heading has-text-align-center\">NUESTROS SERVICIOS<\/h3>\n\n\n\n<div class=\"wp-block-group has-background\" style=\"background:linear-gradient(135deg,rgb(6,147,227) 0%,rgb(81,238,197) 56%,rgb(155,81,224) 100%)\"><div class=\"wp-block-group__inner-container is-layout-constrained wp-block-group-is-layout-constrained\">\n<dl class=\"wp-block-lez-library-listicles undefined  listicle items-2\" style=\"counter-reset:listicle-counter 0\">\n\n<dt class=\"wp-block-lez-library-listdt\">Nuevo Contrato<\/dt>\n\n\n\n<dd class=\"wp-block-lez-library-listdd\">\n<p class=\"has-black-color has-text-color\">Al comenzar un nuevo contrato de mantenimiento, hacemos una puesta a punto de todo los equipos inform\u00e1tico de manera de garantizar el optimo funcionamiento. Realizando un relevamiento del estado del software y hardware para realizar las debidas reparaciones antes del comienzo.<\/p>\n<\/dd>\n\n\n\n\n\n<dt class=\"wp-block-lez-library-listdt\">Planes<\/dt>\n\n\n\n<dd class=\"wp-block-lez-library-listdd\">\n<p class=\"has-black-color has-text-color\">Cada uno de nuestros planes incluye un paquete de horas de soporte incluidas en el precio del mismo.<\/p>\n<\/dd>\n\n\n\n\n\n<dt class=\"wp-block-lez-library-listdt\">Soporte t\u00e9cnico a domicilio<\/dt>\n\n\n\n<dd class=\"wp-block-lez-library-listdd\">\n<p class=\"has-black-color has-text-color\">Un t\u00e9cnico en su domicilio en menos de 4 horas promedio desde el pedido.<br>Inmediatamente si es urgente.<\/p>\n<\/dd>\n\n\n\n\n\n<dt class=\"wp-block-lez-library-listdt\">Mantenimiento de equipos<\/dt>\n\n\n\n<dd class=\"wp-block-lez-library-listdd\">\n<p class=\"has-black-color has-text-color\">Mantenimiento preventivo en su empresa 1 visita por mes. Revisi\u00f3n de los backups en cada visita y realizando la limpieza f\u00edsica de hardware.<\/p>\n<\/dd>\n\n\n\n\n\n<dt class=\"wp-block-lez-library-listdt\">Actualizaciones<\/dt>\n\n\n\n<dd class=\"wp-block-lez-library-listdd\">\n<p class=\"has-black-color has-text-color\">Actualizaci\u00f3n peri\u00f3dica de los antivirus en sus computadoras y del sistema de Operativo para estar al d\u00eda con los \u00faltimos parches de seguridad.<\/p>\n<\/dd>\n\n\n\n\n\n<dt class=\"wp-block-lez-library-listdt\">Asistencia Remota<\/dt>\n\n\n\n<dd class=\"wp-block-lez-library-listdd\">\n<p class=\"has-black-color has-text-color\">Soporte remoto a trav\u00e9s de Team Viewer, Roustdesk, Anydesk o a travez de Tel\u00e9fono .<\/p>\n<\/dd>\n\n\n\n\n\n<dt class=\"wp-block-lez-library-listdt\">Instalaciones<\/dt>\n\n\n\n<dd class=\"wp-block-lez-library-listdd\">\n<p class=\"has-black-color has-text-color\">Instalaci\u00f3n y reparaci\u00f3n de sistemas operativos: Microsoft Windows, Mac y Linux.<\/p>\n<\/dd>\n\n\n\n\n\n<dt class=\"wp-block-lez-library-listdt\">Server<\/dt>\n\n\n\n<dd class=\"wp-block-lez-library-listdd\">\n<p class=\"has-black-color has-text-color\">Configuraci\u00f3n y mantenimiento de servidores.<\/p>\n<\/dd>\n\n\n\n\n\n<dt class=\"wp-block-lez-library-listdt\">Planificaci\u00f3n de estructurad y red inal\u00e1mbrica.<\/dt>\n\n\n\n<dd class=\"wp-block-lez-library-listdd\">\n<p class=\"has-black-color has-text-color\">Planificaci\u00f3n y presentaci\u00f3n de mejoras para su red inform\u00e1tica. Nuestro equipo posee especialistas en las ultimas tecnolog\u00edas, cloud, redes, seguridad inform\u00e1tica, WiFi, para brindar una mejor conexi\u00f3n y rendimiento de su empresa.<\/p>\n\n\n\n<p class=\"has-black-color has-text-color\">Le hacemos llegar informes t\u00e9cnicos peri\u00f3dicos sobre el estado y puntos a mejorar en su infraestructura.<\/p>\n<\/dd>\n\n<\/dl>\n<\/div><\/div>\n\n\n\n<hr class=\"wp-block-separator has-alpha-channel-opacity\"\/>\n\n\n\n<h2 class=\"wp-block-heading has-text-align-center\">Nuestros Abonos<\/h2>\n\n\n\n<div class=\"wp-block-columns alignwide is-layout-flex wp-container-core-columns-is-layout-829b1d53 wp-block-columns-is-layout-flex\" style=\"margin-bottom:0\">\n<div class=\"wp-block-column has-text-color has-background has-link-color wp-elements-7c1b91e5025905c99e2fabb43583a5d5 is-layout-flow wp-block-column-is-layout-flow\" style=\"color:#000000;background-color:#ffe97d;padding-top:2em;padding-right:2em;padding-bottom:2em;padding-left:2em\">\n<h2 class=\"wp-block-heading has-black-color has-text-color\" id=\"single\" style=\"font-size:40px\"><strong>ABONO 1<\/strong><\/h2>\n\n\n\n<p class=\"has-normal-font-size\" style=\"line-height:1.5\"><strong>Profesional 1 Equipo<\/strong>.<\/p>\n\n\n\n<hr class=\"wp-block-separator has-text-color has-css-opacity has-background is-style-wide\" style=\"background-color:#000000;color:#000000\"\/>\n\n\n\n<ul class=\"wp-block-list has-normal-font-size\">\n<li>Asistencia Remota hasta 2 (hora\/m)<\/li>\n\n\n\n<li>Prevenci\u00f3n de fallas con chequeo.<\/li>\n\n\n\n<li>Actualizaci\u00f3n de sistema e antivirus.<\/li>\n\n\n\n<li>Informe de asistencias y chequeo.<\/li>\n\n\n\n<li>Emergencia de falla f\u00edsica se visitara dentro de las 24hs dado el aviso.<\/li>\n<\/ul>\n\n\n\n<div class=\"wp-block-buttons alignfull is-horizontal is-content-justification-center is-layout-flex wp-container-core-buttons-is-layout-499968f5 wp-block-buttons-is-layout-flex\">\n<div class=\"wp-block-button has-custom-width wp-block-button__width-100\"><a class=\"wp-block-button__link has-white-color has-text-color has-background no-border-radius wp-element-button\" style=\"background-color:#000000\">$50000 \/ mes<\/a><\/div>\n<\/div>\n<\/div>\n\n\n\n<div class=\"wp-block-column has-text-color has-background has-link-color wp-elements-96e9bb3381bfd090e03a9c0c4c39af44 is-layout-flow wp-block-column-is-layout-flow\" style=\"color:#000000;background-color:#d1d1e1;padding-top:2em;padding-right:2em;padding-bottom:2em;padding-left:2em\">\n<h2 class=\"wp-block-heading has-black-color has-text-color\" id=\"family\" style=\"font-size:40px\"><strong>ABONO 2<\/strong><\/h2>\n\n\n\n<p class=\"has-normal-font-size\" style=\"line-height:1.5\"><strong>Profesional 3 Equipos<\/strong>.<\/p>\n\n\n\n<hr class=\"wp-block-separator has-css-opacity is-style-wide\"\/>\n\n\n\n<ul class=\"wp-block-list has-normal-font-size\">\n<li>Asistencia Remota hasta 5 (horas\/m)<\/li>\n\n\n\n<li>Prevenci\u00f3n de fallas con chequeo.<\/li>\n\n\n\n<li>Actualizaci\u00f3n de sistema e antivirus.<\/li>\n\n\n\n<li>Informe de asistencias y chequeo.<\/li>\n\n\n\n<li>Emergencia de falla f\u00edsica se visitara dentro de las 24hs dado el aviso.<\/li>\n<\/ul>\n\n\n\n<div class=\"wp-block-buttons alignfull is-horizontal is-content-justification-center is-layout-flex wp-container-core-buttons-is-layout-499968f5 wp-block-buttons-is-layout-flex\">\n<div class=\"wp-block-button has-custom-width wp-block-button__width-100 is-style-fill\"><a class=\"wp-block-button__link has-white-color has-text-color has-background no-border-radius wp-element-button\" style=\"background-color:#000000\">$120000 \/ mes<\/a><\/div>\n<\/div>\n<\/div>\n\n\n\n<div class=\"wp-block-column has-text-color has-background has-link-color wp-elements-d4753be45dabc1532eedf2f2ab221859 is-layout-flow wp-block-column-is-layout-flow\" style=\"color:#000000;background-color:#c0ebf1;padding-top:2em;padding-right:2em;padding-bottom:2em;padding-left:2em\">\n<h2 class=\"wp-block-heading has-black-color has-text-color\" id=\"patron\" style=\"font-size:40px\"><strong>ABONO 3<\/strong><\/h2>\n\n\n\n<p class=\"has-normal-font-size\"><strong>Profesional 10 Equipos<\/strong>.<\/p>\n\n\n\n<hr class=\"wp-block-separator has-css-opacity is-style-wide\"\/>\n\n\n\n<ul class=\"wp-block-list has-normal-font-size\">\n<li>Asistencia Remota hasta 15 (horas\/m)<\/li>\n\n\n\n<li>Prevenci\u00f3n de fallas con chequeo.<\/li>\n\n\n\n<li>Actualizaci\u00f3n de sistema e antivirus.<\/li>\n\n\n\n<li>Informe de asistencias y chequeo.<\/li>\n\n\n\n<li>Emergencia de falla f\u00edsica se visitara dentro de las 24hs dado el aviso.<\/li>\n<\/ul>\n\n\n\n<div class=\"wp-block-buttons alignfull is-horizontal is-content-justification-center is-layout-flex wp-container-core-buttons-is-layout-499968f5 wp-block-buttons-is-layout-flex\">\n<div class=\"wp-block-button has-custom-width wp-block-button__width-100\"><a class=\"wp-block-button__link has-white-color has-text-color has-background no-border-radius wp-element-button\" style=\"background-color:#000000\">$400000 \/ mes<\/a><\/div>\n<\/div>\n<\/div>\n<\/div>\n\n\n\n<div class=\"wp-block-columns alignwide is-layout-flex wp-container-core-columns-is-layout-829b1d53 wp-block-columns-is-layout-flex\" style=\"margin-bottom:0\">\n<div class=\"wp-block-column has-vivid-red-background-color has-text-color has-background has-link-color wp-elements-1315b31bacec797c45e53d8f85a6440b is-layout-flow wp-block-column-is-layout-flow\" style=\"color:#000000;padding-top:2em;padding-right:2em;padding-bottom:2em;padding-left:2em\">\n<h2 class=\"wp-block-heading has-white-color has-text-color\" id=\"single\" style=\"font-size:40px\"><strong>SERVIDOR<\/strong><\/h2>\n\n\n\n<p class=\"has-normal-font-size\" style=\"line-height:1.5\"><strong>Profesional 1<\/strong><\/p>\n\n\n\n<hr class=\"wp-block-separator has-text-color has-css-opacity has-background is-style-wide\" style=\"background-color:#000000;color:#000000\"\/>\n\n\n\n<ul class=\"wp-block-list has-normal-font-size\">\n<li>Mantenimiento de servidor dedicado<\/li>\n\n\n\n<li>Incluye Backup a la Nube.<\/li>\n\n\n\n<li>Emergencia de falla f\u00edsica se visitara dentro de las 4hs dado el aviso. <\/li>\n\n\n\n<li>Informe de asistencias y chequeo.<\/li>\n<\/ul>\n\n\n\n<div class=\"wp-block-buttons alignfull is-horizontal is-content-justification-center is-layout-flex wp-container-core-buttons-is-layout-499968f5 wp-block-buttons-is-layout-flex\">\n<div class=\"wp-block-button has-custom-width wp-block-button__width-100\"><a class=\"wp-block-button__link has-white-color has-text-color has-background no-border-radius wp-element-button\" style=\"background-color:#000000\">$150000 \/ mes<\/a><\/div>\n<\/div>\n<\/div>\n\n\n\n<div class=\"wp-block-column has-pale-cyan-blue-background-color has-text-color has-background has-link-color wp-elements-31117b0e493367a293cc4e6d620dc822 is-layout-flow wp-block-column-is-layout-flow\" style=\"color:#000000;padding-top:2em;padding-right:2em;padding-bottom:2em;padding-left:2em\">\n<h2 class=\"wp-block-heading\" id=\"family\" style=\"font-size:40px\"><strong>ACCESOS<\/strong><\/h2>\n\n\n\n<p class=\"has-normal-font-size\" style=\"line-height:1.5\"><strong>Control de Personal B\u00e1sico y asistencia.<\/strong> <\/p>\n\n\n\n<hr class=\"wp-block-separator has-css-opacity is-style-wide\"\/>\n\n\n\n<ul class=\"wp-block-list has-normal-font-size\">\n<li>Mantenimiento de control de personal<\/li>\n\n\n\n<li>incluyen carga de datos<\/li>\n\n\n\n<li>mantenimiento y mesa de ayuda<\/li>\n<\/ul>\n\n\n\n<div class=\"wp-block-buttons alignfull is-horizontal is-content-justification-center is-layout-flex wp-container-core-buttons-is-layout-499968f5 wp-block-buttons-is-layout-flex\">\n<div class=\"wp-block-button has-custom-width wp-block-button__width-100 is-style-fill\"><a class=\"wp-block-button__link has-white-color has-text-color has-background no-border-radius wp-element-button\" style=\"background-color:#000000\">$50000 \/ mes<\/a><\/div>\n<\/div>\n<\/div>\n\n\n\n<div class=\"wp-block-column has-vivid-green-cyan-background-color has-text-color has-background has-link-color wp-elements-432100a535d8a90161ed1be08ef81de1 is-layout-flow wp-block-column-is-layout-flow\" style=\"color:#000000;padding-top:2em;padding-right:2em;padding-bottom:2em;padding-left:2em\">\n<h2 class=\"wp-block-heading\" id=\"patron\" style=\"font-size:40px\"><strong>CCTV<\/strong><\/h2>\n\n\n\n<p class=\"has-normal-font-size\"><strong>Lleva el apoyo al siguiente nivel.<\/strong><\/p>\n\n\n\n<hr class=\"wp-block-separator has-css-opacity is-style-wide\"\/>\n\n\n\n<ul class=\"wp-block-list has-normal-font-size\">\n<li>Mantenimiento sobre sistemas CCTV de vigilancia an\u00e1logo\/digital<\/li>\n\n\n\n<li>Control quincenal de grabaciones en caso de tener unidad de almacenamiento, mesa de ayuda limitada 5hs<\/li>\n\n\n\n<li>Visitas presenciales a precio preferencial 50%<\/li>\n\n\n\n<li>En caso de contar abono de equipos el valor es del 50%<\/li>\n<\/ul>\n\n\n\n<div class=\"wp-block-buttons alignfull is-horizontal is-content-justification-center is-layout-flex wp-container-core-buttons-is-layout-499968f5 wp-block-buttons-is-layout-flex\">\n<div class=\"wp-block-button has-custom-width wp-block-button__width-100\"><a class=\"wp-block-button__link has-white-color has-text-color has-background no-border-radius wp-element-button\" style=\"background-color:#000000\">$50000 \/ mes<\/a><\/div>\n<\/div>\n<\/div>\n<\/div>\n\n\n\n<hr class=\"wp-block-separator has-alpha-channel-opacity\"\/>\n\n\n\n<h2 class=\"wp-block-heading has-text-align-center\">Solicite cotizaci\u00f3n por aqu\u00ed.<\/h2>\n\n\n<style id=\"wpforms-css-vars-318-block-e98f45ec-6039-44ae-931b-e7c4982fe4e6\">\n\t\t\t\t#wpforms-318.wpforms-block-e98f45ec-6039-44ae-931b-e7c4982fe4e6 {\n\t\t\t\t--wpforms-field-size-input-height: 43px;\n--wpforms-field-size-input-spacing: 15px;\n--wpforms-field-size-font-size: 16px;\n--wpforms-field-size-line-height: 19px;\n--wpforms-field-size-padding-h: 14px;\n--wpforms-field-size-checkbox-size: 16px;\n--wpforms-field-size-sublabel-spacing: 5px;\n--wpforms-field-size-icon-size: 1;\n--wpforms-label-size-font-size: 16px;\n--wpforms-label-size-line-height: 19px;\n--wpforms-label-size-sublabel-font-size: 14px;\n--wpforms-label-size-sublabel-line-height: 17px;\n--wpforms-button-size-font-size: 17px;\n--wpforms-button-size-height: 41px;\n--wpforms-button-size-padding-h: 15px;\n--wpforms-button-size-margin-top: 10px;\n\t\t\t}\n\t\t\t<\/style><div class=\"wpforms-container wpforms-container-full wpforms-block wpforms-block-e98f45ec-6039-44ae-931b-e7c4982fe4e6 wpforms-render-modern\" id=\"wpforms-318\"><form id=\"wpforms-form-318\" class=\"wpforms-validate wpforms-form wpforms-ajax-form\" data-formid=\"318\" method=\"post\" enctype=\"multipart\/form-data\" action=\"\/index.php?rest_route=%2Fwp%2Fv2%2Fpages%2F144\" data-token=\"0d812855fbeb6091e948f611997aa7b4\" data-token-time=\"1775769843\"><noscript class=\"wpforms-error-noscript\">Please enable JavaScript in your browser to complete this form.<\/noscript><div id=\"wpforms-error-noscript\" style=\"display: none;\">Please enable JavaScript in your browser to complete this form.<\/div><div class=\"wpforms-field-container\"><div id=\"wpforms-318-field_0-container\" class=\"wpforms-field wpforms-field-name\" data-field-id=\"0\"><fieldset><legend class=\"wpforms-field-label\">Nombre <span class=\"wpforms-required-label\" aria-hidden=\"true\">*<\/span><\/legend><div class=\"wpforms-field-row wpforms-field-medium\"><div class=\"wpforms-field-row-block wpforms-first wpforms-one-half\"><input type=\"text\" id=\"wpforms-318-field_0\" class=\"wpforms-field-name-first wpforms-field-required\" name=\"wpforms[fields][0][first]\" placeholder=\"Nombre\" aria-errormessage=\"wpforms-318-field_0-error\" required><label for=\"wpforms-318-field_0\" class=\"wpforms-field-sublabel after\">First<\/label><\/div><div class=\"wpforms-field-row-block wpforms-one-half\"><input type=\"text\" id=\"wpforms-318-field_0-last\" class=\"wpforms-field-name-last wpforms-field-required\" name=\"wpforms[fields][0][last]\" placeholder=\"Apellido\" aria-errormessage=\"wpforms-318-field_0-last-error\" required><label for=\"wpforms-318-field_0-last\" class=\"wpforms-field-sublabel after\">Last<\/label><\/div><\/div><\/fieldset><\/div><div id=\"wpforms-318-field_1-container\" class=\"wpforms-field wpforms-field-email\" data-field-id=\"1\"><label class=\"wpforms-field-label\" for=\"wpforms-318-field_1\">Email <span class=\"wpforms-required-label\" aria-hidden=\"true\">*<\/span><\/label><input type=\"email\" id=\"wpforms-318-field_1\" class=\"wpforms-field-medium wpforms-field-required\" name=\"wpforms[fields][1]\" spellcheck=\"false\" aria-errormessage=\"wpforms-318-field_1-error\" required><\/div><div id=\"wpforms-318-field_4-container\" class=\"wpforms-field wpforms-field-text\" data-field-id=\"4\"><label class=\"wpforms-field-label\" for=\"wpforms-318-field_4\">Tel\u00e9fono de Contacto<\/label><input type=\"text\" id=\"wpforms-318-field_4\" class=\"wpforms-field-medium wpforms-limit-characters-enabled\" data-form-id=\"318\" data-field-id=\"4\" data-text-limit=\"20\" name=\"wpforms[fields][4]\" placeholder=\"n\u00famero\" aria-errormessage=\"wpforms-318-field_4-error\" maxlength=\"20\" ><\/div><div id=\"wpforms-318-field_5-container\" class=\"wpforms-field wpforms-field-checkbox\" data-field-id=\"5\"><fieldset><legend class=\"wpforms-field-label\">Seleccione tema a tratar<\/legend><ul id=\"wpforms-318-field_5\"><li class=\"choice-1 depth-1\"><input type=\"checkbox\" id=\"wpforms-318-field_5_1\" name=\"wpforms[fields][5][]\" value=\"Estructurado\" aria-errormessage=\"wpforms-318-field_5_1-error\"  ><label class=\"wpforms-field-label-inline\" for=\"wpforms-318-field_5_1\">Estructurado<\/label><\/li><li class=\"choice-2 depth-1\"><input type=\"checkbox\" id=\"wpforms-318-field_5_2\" name=\"wpforms[fields][5][]\" value=\"Reparaci\u00f3n de Equipo\" aria-errormessage=\"wpforms-318-field_5_2-error\"  ><label class=\"wpforms-field-label-inline\" for=\"wpforms-318-field_5_2\">Reparaci\u00f3n de Equipo<\/label><\/li><li class=\"choice-3 depth-1\"><input type=\"checkbox\" id=\"wpforms-318-field_5_3\" name=\"wpforms[fields][5][]\" value=\"CCTV\" aria-errormessage=\"wpforms-318-field_5_3-error\"  ><label class=\"wpforms-field-label-inline\" for=\"wpforms-318-field_5_3\">CCTV<\/label><\/li><li class=\"choice-4 depth-1\"><input type=\"checkbox\" id=\"wpforms-318-field_5_4\" name=\"wpforms[fields][5][]\" value=\"Asistencia Remota\" aria-errormessage=\"wpforms-318-field_5_4-error\"  ><label class=\"wpforms-field-label-inline\" for=\"wpforms-318-field_5_4\">Asistencia Remota<\/label><\/li><\/ul><\/fieldset><\/div><div id=\"wpforms-318-field_2-container\" class=\"wpforms-field wpforms-field-textarea\" data-field-id=\"2\"><label class=\"wpforms-field-label\" for=\"wpforms-318-field_2\">Comentario o Mensaje<\/label><textarea id=\"wpforms-318-field_2\" class=\"wpforms-field-medium\" name=\"wpforms[fields][2]\" aria-errormessage=\"wpforms-318-field_2-error\" ><\/textarea><\/div><\/div><!-- .wpforms-field-container --><div class=\"wpforms-recaptcha-container wpforms-is-recaptcha wpforms-is-recaptcha-type-v2\" ><div class=\"g-recaptcha\" data-sitekey=\"6LdbIM0pAAAAAMVuaVBMcOZaY70pvfI9iNwgp82v\"><\/div><input type=\"text\" name=\"g-recaptcha-hidden\" class=\"wpforms-recaptcha-hidden\" style=\"position:absolute!important;clip:rect(0,0,0,0)!important;height:1px!important;width:1px!important;border:0!important;overflow:hidden!important;padding:0!important;margin:0!important;\" data-rule-recaptcha=\"1\"><\/div><div class=\"wpforms-submit-container\" ><input type=\"hidden\" name=\"wpforms[id]\" value=\"318\"><input type=\"hidden\" name=\"page_title\" value=\"\"><input type=\"hidden\" name=\"page_url\" value=\"https:\/\/blackpowersistemas.com.ar\/index.php?rest_route=\/wp\/v2\/pages\/144\"><input type=\"hidden\" name=\"url_referer\" value=\"\"><button type=\"submit\" name=\"wpforms[submit]\" id=\"wpforms-submit-318\" class=\"wpforms-submit\" data-alt-text=\"Sending...\" data-submit-text=\"Enviar\" aria-live=\"assertive\" value=\"wpforms-submit\">Enviar<\/button><img loading=\"lazy\" decoding=\"async\" src=\"https:\/\/blackpowersistemas.com.ar\/wp-content\/plugins\/wpforms-lite\/assets\/images\/submit-spin.svg\" class=\"wpforms-submit-spinner\" style=\"display: none;\" width=\"26\" height=\"26\" alt=\"Loading\"><\/div><\/form><\/div>  <!-- .wpforms-container -->\n\n\n<hr class=\"wp-block-separator has-alpha-channel-opacity\"\/>\n\n\n<div class=\"wp-block-image\">\n<figure class=\"aligncenter size-large\"><img loading=\"lazy\" decoding=\"async\" width=\"1024\" height=\"410\" src=\"https:\/\/blackpowersistemas.com.ar\/wp-content\/uploads\/2023\/11\/Why-regular-website-maintenance-is-important-for-your-business-1024x410.png\" alt=\"\" class=\"wp-image-153\" srcset=\"https:\/\/blackpowersistemas.com.ar\/wp-content\/uploads\/2023\/11\/Why-regular-website-maintenance-is-important-for-your-business-1024x410.png 1024w, https:\/\/blackpowersistemas.com.ar\/wp-content\/uploads\/2023\/11\/Why-regular-website-maintenance-is-important-for-your-business-300x120.png 300w, https:\/\/blackpowersistemas.com.ar\/wp-content\/uploads\/2023\/11\/Why-regular-website-maintenance-is-important-for-your-business-768x307.png 768w, https:\/\/blackpowersistemas.com.ar\/wp-content\/uploads\/2023\/11\/Why-regular-website-maintenance-is-important-for-your-business-1536x614.png 1536w, https:\/\/blackpowersistemas.com.ar\/wp-content\/uploads\/2023\/11\/Why-regular-website-maintenance-is-important-for-your-business.png 2000w\" sizes=\"auto, (max-width: 1024px) 100vw, 1024px\" \/><\/figure>\n<\/div>","protected":false},"excerpt":{"rendered":"<p>Brindamos soporte t\u00e9cnico de alta calidad a trav\u00e9s de nuestra mesa de ayuda y acceso a un equipo de expertos, para la soluci\u00f3n de los eventuales problemas de su empresa. Podemos armar una soluci\u00f3n que se adecu\u00e9 a su necesidad. Emitimos reportes escritos mensuales con la evoluci\u00f3n de su sistema, y \u00f3rdenes de trabajo en [&hellip;]<\/p>\n","protected":false},"author":1,"featured_media":0,"parent":0,"menu_order":0,"comment_status":"closed","ping_status":"closed","template":"","meta":{"iawp_total_views":7,"footnotes":""},"class_list":["post-144","page","type-page","status-publish","hentry"],"_links":{"self":[{"href":"https:\/\/blackpowersistemas.com.ar\/index.php?rest_route=\/wp\/v2\/pages\/144","targetHints":{"allow":["GET"]}}],"collection":[{"href":"https:\/\/blackpowersistemas.com.ar\/index.php?rest_route=\/wp\/v2\/pages"}],"about":[{"href":"https:\/\/blackpowersistemas.com.ar\/index.php?rest_route=\/wp\/v2\/types\/page"}],"author":[{"embeddable":true,"href":"https:\/\/blackpowersistemas.com.ar\/index.php?rest_route=\/wp\/v2\/users\/1"}],"replies":[{"embeddable":true,"href":"https:\/\/blackpowersistemas.com.ar\/index.php?rest_route=%2Fwp%2Fv2%2Fcomments&post=144"}],"version-history":[{"count":59,"href":"https:\/\/blackpowersistemas.com.ar\/index.php?rest_route=\/wp\/v2\/pages\/144\/revisions"}],"predecessor-version":[{"id":400,"href":"https:\/\/blackpowersistemas.com.ar\/index.php?rest_route=\/wp\/v2\/pages\/144\/revisions\/400"}],"wp:attachment":[{"href":"https:\/\/blackpowersistemas.com.ar\/index.php?rest_route=%2Fwp%2Fv2%2Fmedia&parent=144"}],"curies":[{"name":"wp","href":"https:\/\/api.w.org\/{rel}","templated":true}]}}